{"id":8,"date":"2018-04-06T11:55:38","date_gmt":"2018-04-06T11:55:38","guid":{"rendered":"https:\/\/xn--vattenvrldar-mcb.se\/?page_id=8"},"modified":"2021-07-19T15:26:04","modified_gmt":"2021-07-19T13:26:04","slug":"om-oss","status":"publish","type":"page","link":"https:\/\/xn--vattenvrldar-mcb.se\/?page_id=8","title":{"rendered":"Om mig"},"content":{"rendered":"<p>Jag heter Peter och \u00e4r bosatt utanf\u00f6r G\u00f6teborg.<\/p>\n<p>Akvaristik \u00e4r min stora hobby sen jag \u00e5terupptog den f\u00f6r n\u00e5gra \u00e5r sedan. Det \u00e4r fr\u00e4mst regnb\u00e5gsfiskar och sydamerikanska ciklider som intresserar mig men en och annan asiat finns ocks\u00e5 i mina kar. Levandef\u00f6dare, barber och danio gillar jag ocks\u00e5.<\/p>\n<p>Just nu har jag 64 akvarium i mitt lilla hus p\u00e5 85 kvm med k\u00e4llare (tack och lov!). De str\u00e4cker sig i storlek fr\u00e5n 20 liter upp till 540 liter. 22 av dem \u00e4r \u00e4nnu inte i bruk men det l\u00e4r komma&#8230; Total teoretisk vattenm\u00e4ngd \u00e4r 7619 liter.<\/p>\n","protected":false},"excerpt":{"rendered":"<p>Jag heter Peter och \u00e4r bosatt utanf\u00f6r G\u00f6teborg. Akvaristik \u00e4r min stora hobby sen jag \u00e5terupptog den f\u00f6r n\u00e5gra \u00e5r sedan. Det \u00e4r fr\u00e4mst regnb\u00e5gsfiskar och sydamerikanska ciklider som intresserar mig men en och annan asiat finns ocks\u00e5 i mina kar. Levandef\u00f6dare, barber och danio gillar jag ocks\u00e5. Just nu har jag 64 akvarium i &hellip; <\/p>\n<p class=\"link-more\"><a href=\"https:\/\/xn--vattenvrldar-mcb.se\/?page_id=8\" class=\"more-link\">Forts\u00e4tt l\u00e4sa<span class=\"screen-reader-text\"> \u201dOm mig\u201d<\/span><\/a><\/p>\n","protected":false},"author":1,"featured_media":0,"parent":0,"menu_order":0,"comment_status":"closed","ping_status":"closed","template":"","meta":{"footnotes":""},"_links":{"self":[{"href":"https:\/\/xn--vattenvrldar-mcb.se\/index.php?rest_route=\/wp\/v2\/pages\/8"}],"collection":[{"href":"https:\/\/xn--vattenvrldar-mcb.se\/index.php?rest_route=\/wp\/v2\/pages"}],"about":[{"href":"https:\/\/xn--vattenvrldar-mcb.se\/index.php?rest_route=\/wp\/v2\/types\/page"}],"author":[{"embeddable":true,"href":"https:\/\/xn--vattenvrldar-mcb.se\/index.php?rest_route=\/wp\/v2\/users\/1"}],"replies":[{"embeddable":true,"href":"https:\/\/xn--vattenvrldar-mcb.se\/index.php?rest_route=%2Fwp%2Fv2%2Fcomments&post=8"}],"version-history":[{"count":8,"href":"https:\/\/xn--vattenvrldar-mcb.se\/index.php?rest_route=\/wp\/v2\/pages\/8\/revisions"}],"predecessor-version":[{"id":609,"href":"https:\/\/xn--vattenvrldar-mcb.se\/index.php?rest_route=\/wp\/v2\/pages\/8\/revisions\/609"}],"wp:attachment":[{"href":"https:\/\/xn--vattenvrldar-mcb.se\/index.php?rest_route=%2Fwp%2Fv2%2Fmedia&parent=8"}],"curies":[{"name":"wp","href":"https:\/\/api.w.org\/{rel}","templated":true}]}}