{"id":462,"date":"2020-06-07T20:27:45","date_gmt":"2020-06-07T18:27:45","guid":{"rendered":"https:\/\/xn--vattenvrldar-mcb.se\/?page_id=462"},"modified":"2021-07-19T13:08:40","modified_gmt":"2021-07-19T11:08:40","slug":"arterna-i-mina-varldar","status":"publish","type":"page","link":"https:\/\/xn--vattenvrldar-mcb.se\/?page_id=462","title":{"rendered":"Arterna i mina v\u00e4rldar"},"content":{"rendered":"\n<p>Jag har fastnat f\u00f6r regnb\u00e5gsfiskar och f\u00f6rs\u00f6ker odla de arter jag f\u00e5r tag p\u00e5. F\u00f6ljande arter har jag hemma:<\/p>\n\n\n\n<p>Av Melanotaenia:<\/p>\n\n\n\n<ul><li>Boesemani &#8217;Super Red&#8217;- yngel<\/li><li>Parkinsoni &#8211; yngel<\/li><li>Praecox &#8211; yngel<\/li><li>Parva &#8211; yngel<\/li><li>Lacustris &#8211; yngel<\/li><li><a href=\"https:\/\/rainbowfish.angfaqld.org.au\/splendida.htm\" target=\"_blank\" rel=\"noreferrer noopener\">Splendida<\/a><\/li><li>Herbertaxelrodi &#8211; yngel<\/li><li>Trifasciata &#8217;Goyder River&#8217;<\/li><\/ul>\n\n\n\n<p><a rel=\"noreferrer noopener\" href=\"https:\/\/rainbowfish.angfaqld.org.au\/Incisus.htm\" target=\"_blank\">Glossolepis Incisus<\/a><\/p>\n\n\n\n<p>Pseudomugil Furcatus &#8211; yngel<\/p>\n\n\n\n<p><strong>\u00d6vriga arter:<\/strong><\/p>\n\n\n\n<p>Aspidoras pauciradiatus &#8211; yngel<\/p>\n\n\n\n<p>Xenotoca Doadrioi &#8211; yngel<\/p>\n\n\n\n<p><a rel=\"noreferrer noopener\" href=\"https:\/\/translate.google.se\/translate?hl=&amp;sl=de&amp;tl=en&amp;u=https%3A%2F%2Fwww.fischlexikon.eu%2Ffischlexikon%2Ffische-suchen.php%3Ffisch_id%3D0000000538\" target=\"_blank\">Oreichthys parvus<\/a> &#8211; yngel<\/p>\n\n\n\n<p>Trigonostigma espei, Drottningsrasbora &#8211; yngel<\/p>\n\n\n\n<p><a rel=\"noreferrer noopener\" href=\"https:\/\/www.seriouslyfish.com\/species\/tateurndina-ocellicauda\/\" target=\"_blank\">Tateurndina ocellicauda<\/a>, P\u00e5f\u00e5gelsgoby (Egentligen ingen goby utan en sm\u00f6rbult)<\/p>\n\n\n\n<p><a rel=\"noreferrer noopener\" href=\"https:\/\/www.seriouslyfish.com\/species\/tanichthys-albonubes\/\" target=\"_blank\">Tanichthys albonubes<\/a>, Kardinalfisk &#8211; yngel<\/p>\n\n\n\n<p>Guppy &#8211; yngel<\/p>\n\n\n\n<p>Ancistrus Super Red &#8211; yngel<\/p>\n\n\n\n<p>Cleithracara Maronii, Nyckelh\u00e5lsciklid<\/p>\n\n\n\n<p>L 201<\/p>\n\n\n\n<p>Corydoras Sterbai &#8211; yngel<\/p>\n\n\n\n<p>Corydoras Paleatus<\/p>\n\n\n\n<p>K\u00f6rsb\u00e4rsr\u00e4kor &#8211; r\u00e4klingar<\/p>\n\n\n\n<p>Machrobrachium Assamense &#8211; r\u00e4klingar<\/p>\n","protected":false},"excerpt":{"rendered":"<p>Jag har fastnat f\u00f6r regnb\u00e5gsfiskar och f\u00f6rs\u00f6ker odla de arter jag f\u00e5r tag p\u00e5. F\u00f6ljande arter har jag hemma: Av Melanotaenia: Boesemani &#8217;Super Red&#8217;- yngel Parkinsoni &#8211; yngel Praecox &#8211; yngel Parva &#8211; yngel Lacustris &#8211; yngel Splendida Herbertaxelrodi &#8211; yngel Trifasciata &#8217;Goyder River&#8217; Glossolepis Incisus Pseudomugil Furcatus &#8211; yngel \u00d6vriga arter: Aspidoras pauciradiatus &#8211; &hellip; <\/p>\n<p class=\"link-more\"><a href=\"https:\/\/xn--vattenvrldar-mcb.se\/?page_id=462\" class=\"more-link\">Forts\u00e4tt l\u00e4sa<span class=\"screen-reader-text\"> \u201dArterna i mina v\u00e4rldar\u201d<\/span><\/a><\/p>\n","protected":false},"author":1,"featured_media":0,"parent":0,"menu_order":0,"comment_status":"closed","ping_status":"closed","template":"","meta":{"footnotes":""},"_links":{"self":[{"href":"https:\/\/xn--vattenvrldar-mcb.se\/index.php?rest_route=\/wp\/v2\/pages\/462"}],"collection":[{"href":"https:\/\/xn--vattenvrldar-mcb.se\/index.php?rest_route=\/wp\/v2\/pages"}],"about":[{"href":"https:\/\/xn--vattenvrldar-mcb.se\/index.php?rest_route=\/wp\/v2\/types\/page"}],"author":[{"embeddable":true,"href":"https:\/\/xn--vattenvrldar-mcb.se\/index.php?rest_route=\/wp\/v2\/users\/1"}],"replies":[{"embeddable":true,"href":"https:\/\/xn--vattenvrldar-mcb.se\/index.php?rest_route=%2Fwp%2Fv2%2Fcomments&post=462"}],"version-history":[{"count":16,"href":"https:\/\/xn--vattenvrldar-mcb.se\/index.php?rest_route=\/wp\/v2\/pages\/462\/revisions"}],"predecessor-version":[{"id":606,"href":"https:\/\/xn--vattenvrldar-mcb.se\/index.php?rest_route=\/wp\/v2\/pages\/462\/revisions\/606"}],"wp:attachment":[{"href":"https:\/\/xn--vattenvrldar-mcb.se\/index.php?rest_route=%2Fwp%2Fv2%2Fmedia&parent=462"}],"curies":[{"name":"wp","href":"https:\/\/api.w.org\/{rel}","templated":true}]}}