{"id":123,"date":"2018-04-12T18:28:59","date_gmt":"2018-04-12T16:28:59","guid":{"rendered":"https:\/\/xn--vattenvrldar-mcb.se\/?page_id=123"},"modified":"2018-04-13T11:02:34","modified_gmt":"2018-04-13T09:02:34","slug":"drivning-for-led-lister-12-volt","status":"publish","type":"page","link":"https:\/\/xn--vattenvrldar-mcb.se\/?page_id=123","title":{"rendered":"Drivning f\u00f6r LED-lister, 12 Volt"},"content":{"rendered":"<p>P\u00e5 Ebay finns en massa bra-att-ha saker f\u00f6r en akvarist. En av dessa saker \u00e4r de sm\u00e5 smidiga switchade n\u00e4taggregaten. De finns fr\u00e5n 15 watt och upp\u00e5t. En led-strip p\u00e5 50 cm med 5630-chip inneh\u00e5ller 36 led och varje 5630-led drar ca en halv watt. Ska du driva en hel s\u00e5n halvmeterl\u00e5ng strip, s\u00e5 b\u00f6r n\u00e4taggregatet allts\u00e5 klara av att leverera minst 18 watt. Ta g\u00e4rna i lite i \u00f6verkant n\u00e4r du k\u00f6per, prisskillnaden \u00e4r minimal om du g\u00e5r upp ett steg i effekt\/watt.<\/p>\n<p>&nbsp;<\/p>\n<p><img decoding=\"async\" loading=\"lazy\" class=\"size-full wp-image-129 alignleft\" src=\"https:\/\/xn--vattenvrldar-mcb.se\/wp-content\/uploads\/2018\/04\/120WattSupply200x126.jpg\" alt=\"\" width=\"200\" height=\"126\" \/><\/p>\n<p>Jag har anv\u00e4nt 120 watts n\u00e4taggregat. D\u00e5 kan jag driva all belysning som beh\u00f6vs till ett akvarium. De kostar en dryg hundralapp men t\u00e4nk p\u00e5 att Postnord och staten vill ha n\u00e5n hundralapp ocks\u00e5.<\/p>\n<p>&nbsp;<\/p>\n<p>F\u00f6r att kunna transportera energin fr\u00e5n n\u00e4taggregatet till lamporna har jag tillverkat sladdar p\u00e5 f\u00f6ljande vis:<\/p>\n<p>Inf\u00f6rskaffa ett g\u00e4ng kontakter f\u00f6r sladd, 2.5 mm i diameter. Inte s\u00e5 viktigt vilken diameter du v\u00e4ljer men det m\u00e5ste vara samma diameter som p\u00e5 chassikontakten du anv\u00e4nde till lampan!<\/p>\n<p><img decoding=\"async\" loading=\"lazy\" class=\"alignnone wp-image-131 size-medium\" src=\"https:\/\/xn--vattenvrldar-mcb.se\/wp-content\/uploads\/2018\/04\/Hane-300x235.jpg\" alt=\"\" width=\"300\" height=\"235\" srcset=\"https:\/\/xn--vattenvrldar-mcb.se\/wp-content\/uploads\/2018\/04\/Hane-300x235.jpg 300w, https:\/\/xn--vattenvrldar-mcb.se\/wp-content\/uploads\/2018\/04\/Hane-768x603.jpg 768w, https:\/\/xn--vattenvrldar-mcb.se\/wp-content\/uploads\/2018\/04\/Hane.jpg 775w\" sizes=\"(max-width: 300px) 100vw, 300px\" \/><\/p>\n<p>Kabel. Vanlig elkabel g\u00e5r bra men f\u00f6rs\u00f6k f\u00e5 tag p\u00e5 lite klenare variant, typ 0,5 eller 0,75 mm\u00b2. H\u00f6gtalarkabel fungerar ocks\u00e5 fint. Finns p\u00e5 Clas Ohlson, Bauhaus och andra liknande st\u00e4llen.<\/p>\n<p>L\u00f6d fast kabeln i kontakten <span style=\"color: #ffff99;\">Gl\u00f6m inte att tr\u00e4 p\u00e5 plastskyddet f\u00f6rst!<br \/>\n<\/span><\/p>\n<p>Den korta biten p\u00e5 kontakten \u00e4r &#8221;+&#8221; och den l\u00e5nga \u00e4r &#8221;-&#8221;. Kom ih\u00e5g vilken f\u00e4rg du ansluter till vilken del. Jag anv\u00e4nde brun till den korta, allts\u00e5 &#8221;+&#8221;.<\/p>\n<p><img decoding=\"async\" loading=\"lazy\" class=\"alignnone wp-image-135 size-medium\" src=\"https:\/\/xn--vattenvrldar-mcb.se\/wp-content\/uploads\/2018\/04\/22-300x197.jpg\" alt=\"\" width=\"300\" height=\"197\" srcset=\"https:\/\/xn--vattenvrldar-mcb.se\/wp-content\/uploads\/2018\/04\/22-300x197.jpg 300w, https:\/\/xn--vattenvrldar-mcb.se\/wp-content\/uploads\/2018\/04\/22-768x504.jpg 768w, https:\/\/xn--vattenvrldar-mcb.se\/wp-content\/uploads\/2018\/04\/22-1024x671.jpg 1024w\" sizes=\"(max-width: 300px) 100vw, 300px\" \/>\u00a0 <img decoding=\"async\" loading=\"lazy\" class=\"alignnone size-medium wp-image-134\" src=\"https:\/\/xn--vattenvrldar-mcb.se\/wp-content\/uploads\/2018\/04\/23-300x187.jpg\" alt=\"\" width=\"300\" height=\"187\" srcset=\"https:\/\/xn--vattenvrldar-mcb.se\/wp-content\/uploads\/2018\/04\/23-300x187.jpg 300w, https:\/\/xn--vattenvrldar-mcb.se\/wp-content\/uploads\/2018\/04\/23-768x480.jpg 768w, https:\/\/xn--vattenvrldar-mcb.se\/wp-content\/uploads\/2018\/04\/23-1024x640.jpg 1024w\" sizes=\"(max-width: 300px) 100vw, 300px\" \/><\/p>\n<p>Sen \u00e4r det bara att ta is\u00e4r allt igen f\u00f6r att man har gl\u00f6mt bort den d\u00e4r lilla plastskyddet! N\u00e4r man f\u00e5tt dit den s\u00e5 ser det riktigt proffsigt ut (man kan tr\u00e4 p\u00e5 den fr\u00e5n andra h\u00e5llet om man inte\u00a0redan har satt\u00a0en kontakt d\u00e4r):<\/p>\n<p><img decoding=\"async\" loading=\"lazy\" class=\"alignnone size-medium wp-image-136\" src=\"https:\/\/xn--vattenvrldar-mcb.se\/wp-content\/uploads\/2018\/04\/24-243x300.jpg\" alt=\"\" width=\"243\" height=\"300\" srcset=\"https:\/\/xn--vattenvrldar-mcb.se\/wp-content\/uploads\/2018\/04\/24-243x300.jpg 243w, https:\/\/xn--vattenvrldar-mcb.se\/wp-content\/uploads\/2018\/04\/24-768x949.jpg 768w, https:\/\/xn--vattenvrldar-mcb.se\/wp-content\/uploads\/2018\/04\/24-829x1024.jpg 829w\" sizes=\"(max-width: 243px) 100vw, 243px\" \/><\/p>\n<p>Andra \u00e4nden av kabeln skruvas fast i n\u00e4taggregatets skruvanslutningar s\u00e5 d\u00e4rf\u00f6r l\u00e4gger jag p\u00e5 lite l\u00f6dtenn p\u00e5 den sidan. P\u00e5 s\u00e5 vis h\u00e5ller sm\u00e5tr\u00e5darna (kardelerna) ihop och man slipper kortslutning:<\/p>\n<p><img decoding=\"async\" loading=\"lazy\" class=\"alignnone size-medium wp-image-138\" src=\"https:\/\/xn--vattenvrldar-mcb.se\/wp-content\/uploads\/2018\/04\/25-263x300.jpg\" alt=\"\" width=\"263\" height=\"300\" srcset=\"https:\/\/xn--vattenvrldar-mcb.se\/wp-content\/uploads\/2018\/04\/25-263x300.jpg 263w, https:\/\/xn--vattenvrldar-mcb.se\/wp-content\/uploads\/2018\/04\/25-768x876.jpg 768w, https:\/\/xn--vattenvrldar-mcb.se\/wp-content\/uploads\/2018\/04\/25-898x1024.jpg 898w\" sizes=\"(max-width: 263px) 100vw, 263px\" \/><\/p>\n<p>Tadaa!<\/p>\n<p><img decoding=\"async\" loading=\"lazy\" class=\"alignnone size-medium wp-image-144\" src=\"https:\/\/xn--vattenvrldar-mcb.se\/wp-content\/uploads\/2018\/04\/26-273x300.jpg\" alt=\"\" width=\"273\" height=\"300\" srcset=\"https:\/\/xn--vattenvrldar-mcb.se\/wp-content\/uploads\/2018\/04\/26-273x300.jpg 273w, https:\/\/xn--vattenvrldar-mcb.se\/wp-content\/uploads\/2018\/04\/26-768x845.jpg 768w, https:\/\/xn--vattenvrldar-mcb.se\/wp-content\/uploads\/2018\/04\/26-931x1024.jpg 931w\" sizes=\"(max-width: 273px) 100vw, 273px\" \/><\/p>\n<p>Se bara till att k\u00f6pa chassikontakt som passar ihop med sladdkontakten, allts\u00e5 2,5 mm i det h\u00e4r fallet.<\/p>\n<p>&nbsp;<\/p>\n<p>Man kan \u00e4ven g\u00f6ra en \u201dlysr\u00f6rs\u201d-variant. Det \u00e4r i stort sett samma princip men faktiskt lite enklare. U-profil i aluminium fr\u00e5n Bauhaus och vajer som upph\u00e4ngning:<\/p>\n<p><img decoding=\"async\" loading=\"lazy\" class=\"alignnone size-medium wp-image-145\" src=\"https:\/\/xn--vattenvrldar-mcb.se\/wp-content\/uploads\/2018\/04\/33-300x198.jpg\" alt=\"\" width=\"300\" height=\"198\" srcset=\"https:\/\/xn--vattenvrldar-mcb.se\/wp-content\/uploads\/2018\/04\/33-300x198.jpg 300w, https:\/\/xn--vattenvrldar-mcb.se\/wp-content\/uploads\/2018\/04\/33-768x507.jpg 768w, https:\/\/xn--vattenvrldar-mcb.se\/wp-content\/uploads\/2018\/04\/33-1024x676.jpg 1024w\" sizes=\"(max-width: 300px) 100vw, 300px\" \/><\/p>\n<p>Om man vill s\u00e5 kan man g\u00f6ra detta lite mera proffsigt. Det kan du l\u00e4sa om h\u00e4r! (Kommer snart)<\/p>\n","protected":false},"excerpt":{"rendered":"<p>P\u00e5 Ebay finns en massa bra-att-ha saker f\u00f6r en akvarist. En av dessa saker \u00e4r de sm\u00e5 smidiga switchade n\u00e4taggregaten. De finns fr\u00e5n 15 watt och upp\u00e5t. En led-strip p\u00e5 50 cm med 5630-chip inneh\u00e5ller 36 led och varje 5630-led drar ca en halv watt. Ska du driva en hel s\u00e5n halvmeterl\u00e5ng strip, s\u00e5 b\u00f6r &hellip; <\/p>\n<p class=\"link-more\"><a href=\"https:\/\/xn--vattenvrldar-mcb.se\/?page_id=123\" class=\"more-link\">Forts\u00e4tt l\u00e4sa<span class=\"screen-reader-text\"> \u201dDrivning f\u00f6r LED-lister, 12 Volt\u201d<\/span><\/a><\/p>\n","protected":false},"author":1,"featured_media":0,"parent":11,"menu_order":0,"comment_status":"closed","ping_status":"closed","template":"","meta":{"footnotes":""},"_links":{"self":[{"href":"https:\/\/xn--vattenvrldar-mcb.se\/index.php?rest_route=\/wp\/v2\/pages\/123"}],"collection":[{"href":"https:\/\/xn--vattenvrldar-mcb.se\/index.php?rest_route=\/wp\/v2\/pages"}],"about":[{"href":"https:\/\/xn--vattenvrldar-mcb.se\/index.php?rest_route=\/wp\/v2\/types\/page"}],"author":[{"embeddable":true,"href":"https:\/\/xn--vattenvrldar-mcb.se\/index.php?rest_route=\/wp\/v2\/users\/1"}],"replies":[{"embeddable":true,"href":"https:\/\/xn--vattenvrldar-mcb.se\/index.php?rest_route=%2Fwp%2Fv2%2Fcomments&post=123"}],"version-history":[{"count":16,"href":"https:\/\/xn--vattenvrldar-mcb.se\/index.php?rest_route=\/wp\/v2\/pages\/123\/revisions"}],"predecessor-version":[{"id":160,"href":"https:\/\/xn--vattenvrldar-mcb.se\/index.php?rest_route=\/wp\/v2\/pages\/123\/revisions\/160"}],"up":[{"embeddable":true,"href":"https:\/\/xn--vattenvrldar-mcb.se\/index.php?rest_route=\/wp\/v2\/pages\/11"}],"wp:attachment":[{"href":"https:\/\/xn--vattenvrldar-mcb.se\/index.php?rest_route=%2Fwp%2Fv2%2Fmedia&parent=123"}],"curies":[{"name":"wp","href":"https:\/\/api.w.org\/{rel}","templated":true}]}}