{"id":11,"date":"2018-04-06T11:55:38","date_gmt":"2018-04-06T11:55:38","guid":{"rendered":"https:\/\/xn--vattenvrldar-mcb.se\/?page_id=11"},"modified":"2018-04-13T10:05:04","modified_gmt":"2018-04-13T08:05:04","slug":"en-hemsides-sektion","status":"publish","type":"page","link":"https:\/\/xn--vattenvrldar-mcb.se\/?page_id=11","title":{"rendered":"Hemmagjord punktbelysning med LED"},"content":{"rendered":"<p>Vill du tillverka egen <a href=\"https:\/\/sv.wikipedia.org\/wiki\/Lysdiod\" target=\"_blank\" rel=\"noopener\">led<\/a>-belysning? Enkelt!<\/p>\n<p><strong>Steg 1:<\/strong> K\u00f6p ett antal Blanda Blank sk\u00e5lar p\u00e5 IKEA \u00e1 49:- (20 cm diameter)<\/p>\n<p><img decoding=\"async\" loading=\"lazy\" class=\"alignnone size-thumbnail wp-image-73\" src=\"https:\/\/xn--vattenvrldar-mcb.se\/wp-content\/uploads\/2018\/04\/BlandaBlank-150x150.jpg\" alt=\"\" width=\"150\" height=\"150\" srcset=\"https:\/\/xn--vattenvrldar-mcb.se\/wp-content\/uploads\/2018\/04\/BlandaBlank-150x150.jpg 150w, https:\/\/xn--vattenvrldar-mcb.se\/wp-content\/uploads\/2018\/04\/BlandaBlank-300x300.jpg 300w, https:\/\/xn--vattenvrldar-mcb.se\/wp-content\/uploads\/2018\/04\/BlandaBlank-100x100.jpg 100w, https:\/\/xn--vattenvrldar-mcb.se\/wp-content\/uploads\/2018\/04\/BlandaBlank.jpg 500w\" sizes=\"(max-width: 150px) 100vw, 150px\" \/><\/p>\n<p><strong>Steg 2:<\/strong> G\u00e5 in p\u00e5 Ebay och leta upp &#8221;led-strips&#8221; och k\u00f6p hem ett g\u00e4ng<\/p>\n<p><img decoding=\"async\" loading=\"lazy\" class=\"alignnone size-thumbnail wp-image-70\" src=\"https:\/\/xn--vattenvrldar-mcb.se\/wp-content\/uploads\/2018\/04\/LEDStrips-150x150.jpg\" alt=\"\" width=\"150\" height=\"150\" srcset=\"https:\/\/xn--vattenvrldar-mcb.se\/wp-content\/uploads\/2018\/04\/LEDStrips-150x150.jpg 150w, https:\/\/xn--vattenvrldar-mcb.se\/wp-content\/uploads\/2018\/04\/LEDStrips-300x300.jpg 300w, https:\/\/xn--vattenvrldar-mcb.se\/wp-content\/uploads\/2018\/04\/LEDStrips-768x768.jpg 768w, https:\/\/xn--vattenvrldar-mcb.se\/wp-content\/uploads\/2018\/04\/LEDStrips-1024x1024.jpg 1024w, https:\/\/xn--vattenvrldar-mcb.se\/wp-content\/uploads\/2018\/04\/LEDStrips-100x100.jpg 100w, https:\/\/xn--vattenvrldar-mcb.se\/wp-content\/uploads\/2018\/04\/LEDStrips.jpg 1600w\" sizes=\"(max-width: 150px) 100vw, 150px\" \/><\/p>\n<p>Kallvita, runt 6500 K &#8211; 8500 K, helst med 8520- eller 5630-chip, d\u00e5 dessa har lite h\u00f6gre <a href=\"https:\/\/sv.wikipedia.org\/wiki\/Lumen_(enhet)\" target=\"_blank\" rel=\"noopener\">lumen<\/a>. Vill du ha riktigt starkt ljus s\u00e5 v\u00e4ljer du 3030-chip.<\/p>\n<p>(Mer om de olika chippen hittar du <a href=\"https:\/\/en.wikipedia.org\/wiki\/SMD_LED_Module\" target=\"_blank\" rel=\"noopener\">h\u00e4r<\/a> och om K (Kelvin som anger f\u00e4rgtemperatur) <a href=\"https:\/\/sv.wikipedia.org\/wiki\/F%C3%A4rgtemperatur\" target=\"_blank\" rel=\"noopener\">h\u00e4r<\/a>)<\/p>\n<p>Runt en hundring f\u00f6r 10 st\u00a0\u00e1\u00a050 cm.<\/p>\n<p><strong>Steg 3:<\/strong> S\u00e5na h\u00e4r 12-volts transformatorer \u00e4r bra (egentligen ingen transformator utan ett switchat n\u00e4taggregat):<\/p>\n<p><img decoding=\"async\" loading=\"lazy\" class=\"alignnone size-thumbnail wp-image-71\" src=\"https:\/\/xn--vattenvrldar-mcb.se\/wp-content\/uploads\/2018\/04\/120W12V10A-150x150.jpg\" alt=\"\" width=\"150\" height=\"150\" srcset=\"https:\/\/xn--vattenvrldar-mcb.se\/wp-content\/uploads\/2018\/04\/120W12V10A-150x150.jpg 150w, https:\/\/xn--vattenvrldar-mcb.se\/wp-content\/uploads\/2018\/04\/120W12V10A-300x300.jpg 300w, https:\/\/xn--vattenvrldar-mcb.se\/wp-content\/uploads\/2018\/04\/120W12V10A-768x768.jpg 768w, https:\/\/xn--vattenvrldar-mcb.se\/wp-content\/uploads\/2018\/04\/120W12V10A-100x100.jpg 100w, https:\/\/xn--vattenvrldar-mcb.se\/wp-content\/uploads\/2018\/04\/120W12V10A.jpg 1000w\" sizes=\"(max-width: 150px) 100vw, 150px\" \/><\/p>\n<p>In 230 V, ut 12 V, 10 A. R\u00e4cker till m\u00e5nga led-strips. Ca 100 riksdaler p\u00e5 Ebay.<\/p>\n<p><strong>Steg 4:<\/strong> N\u00e4r du \u00e4nd\u00e5 \u00e4r p\u00e5 Ebay, k\u00f6p\u00a0ett g\u00e4ng kontakter:<\/p>\n<p><img decoding=\"async\" loading=\"lazy\" class=\"alignnone size-thumbnail wp-image-67\" src=\"https:\/\/xn--vattenvrldar-mcb.se\/wp-content\/uploads\/2018\/04\/2.5mm-150x150.jpg\" alt=\"\" width=\"150\" height=\"150\" srcset=\"https:\/\/xn--vattenvrldar-mcb.se\/wp-content\/uploads\/2018\/04\/2.5mm-150x150.jpg 150w, https:\/\/xn--vattenvrldar-mcb.se\/wp-content\/uploads\/2018\/04\/2.5mm-100x100.jpg 100w, https:\/\/xn--vattenvrldar-mcb.se\/wp-content\/uploads\/2018\/04\/2.5mm.jpg 225w\" sizes=\"(max-width: 150px) 100vw, 150px\" \/>\u00a0samt <img decoding=\"async\" loading=\"lazy\" class=\"alignnone size-thumbnail wp-image-68\" src=\"https:\/\/xn--vattenvrldar-mcb.se\/wp-content\/uploads\/2018\/04\/2.5mmFemale-150x150.jpg\" alt=\"\" width=\"150\" height=\"150\" srcset=\"https:\/\/xn--vattenvrldar-mcb.se\/wp-content\/uploads\/2018\/04\/2.5mmFemale-150x150.jpg 150w, https:\/\/xn--vattenvrldar-mcb.se\/wp-content\/uploads\/2018\/04\/2.5mmFemale-100x100.jpg 100w\" sizes=\"(max-width: 150px) 100vw, 150px\" \/><\/p>\n<p>f\u00f6r n\u00e5n tia styck. Dessa \u00e4r 2.5 mm i diameter.<\/p>\n<p><strong>Steg 5:<\/strong> P\u00e5 Bauhaus finns dessa vinkelprofiler av aluminium<\/p>\n<p><img decoding=\"async\" loading=\"lazy\" class=\"alignnone size-thumbnail wp-image-74\" src=\"https:\/\/xn--vattenvrldar-mcb.se\/wp-content\/uploads\/2018\/04\/AluVinkel-150x150.jpg\" alt=\"\" width=\"150\" height=\"150\" srcset=\"https:\/\/xn--vattenvrldar-mcb.se\/wp-content\/uploads\/2018\/04\/AluVinkel-150x150.jpg 150w, https:\/\/xn--vattenvrldar-mcb.se\/wp-content\/uploads\/2018\/04\/AluVinkel-300x300.jpg 300w, https:\/\/xn--vattenvrldar-mcb.se\/wp-content\/uploads\/2018\/04\/AluVinkel-100x100.jpg 100w, https:\/\/xn--vattenvrldar-mcb.se\/wp-content\/uploads\/2018\/04\/AluVinkel.jpg 720w\" sizes=\"(max-width: 150px) 100vw, 150px\" \/><\/p>\n<p>De\u00a0m\u00e4ter 20 x 10 x 1,5\u00a0mm och \u00e4r 2 meter l\u00e5nga. 149 kronor.<\/p>\n<p>En\u00a0s\u00e5n r\u00e4cker till 8-10 f\u00e4rdiga lampor.<\/p>\n<p><strong>Steg 6:<\/strong> Montera ihop!<\/p>\n<p>L\u00e4tt va?<\/p>\n<hr \/>\n<p><strong>L\u00e5t mig b\u00f6rja fr\u00e5n b\u00f6rjan:<\/strong><\/p>\n<p>F\u00f6r mig \u00e4r halva n\u00f6jet med att ha akvarium att g\u00f6ra egna l\u00f6sningar. Det blir inte alltid snyggt och kanske inte heller alltid s\u00e5 praktiskt, men d\u00e5 har jag i alla fall gjort n\u00e5got med mina egna h\u00e4nder.<\/p>\n<p>Belysning till akvarium \u00e4r en s\u00e5dan d\u00e4r typisk sak som man ganska enkelt kan g\u00f6ra sj\u00e4lv. Lysr\u00f6r i all \u00e4ra, men jag tycker det blir ett ganska \u201dplatt\u201d ljus av dem. Sj\u00e4lv f\u00f6redrar jag punktbelysning. Om man har lite ytr\u00f6relse p\u00e5 vattnet och punktbelysning s\u00e5 kan man f\u00e5 fram s\u00e5 fantastiska skuggspel i akvariet. En annan f\u00f6rdel med punktbelysning \u00e4r ocks\u00e5 att det blir lite d\u00e4mpad belysning utanf\u00f6r det upplysta omr\u00e5det f\u00f6r de fiskar som vill ha det. Med lysr\u00f6r s\u00e5 blir det inte riktigt s\u00e5.<\/p>\n<p>Id\u00e9n med att anv\u00e4nda IKEAs \u201dBlanda Blank\u201d, som sk\u00e5len heter, \u00e4r inte n\u00e5gon nyhet. Jag har sj\u00e4lv f\u00e5tt id\u00e9n fr\u00e5n n\u00e4tet, men att s\u00e4tta i led-strips i sk\u00e5len har jag inte sett f\u00f6rut. D\u00e5 resultatet, \u00e5tminstone i mina \u00f6gon, blev b\u00e4ttre \u00e4n v\u00e4ntat s\u00e5 gjorde jag en liten DIY f\u00f6r de som vill testa p\u00e5. Hoppas det ska gl\u00e4dja n\u00e5gon.<\/p>\n<hr \/>\n<p>F\u00f6r att bygga en Blanda Blank LED-lampa, beh\u00f6ver du:<\/p>\n<ul>\n<li style=\"padding-left: 60px;\">Blanda Blank, serveringssk\u00e5l fr\u00e5n IKEA, 20 cm, 49:-<\/li>\n<li style=\"padding-left: 60px;\">Led-strips fr\u00e5n Ebay, 10 st x 0,5 m kallvita, 8.500 K och 10 st x 0,5 m bl\u00e5vita, 20.000 K, ca 130:- f\u00f6r 10 st.<\/li>\n<li style=\"padding-left: 60px;\">Vinkel i aluminium. Jag anv\u00e4nde en vinkelprofil fr\u00e5n Bauhaus 20x10x1,5 mm, 2m l\u00e5ng, 149:-<\/li>\n<li style=\"padding-left: 60px;\">2,5 mm chassikontakt (hona). Jag k\u00f6pte fr\u00e5n E-Bay, 20 st med frakt f\u00f6r 44:- (5.5mm x 2.5mm DC Power Jack Socket Panel-Mount Connector)<\/li>\n<li style=\"padding-left: 60px;\">Jag brukar annars anv\u00e4nda mig av filosofin \u201cMan tager vad man haver\u201d och anv\u00e4nde dessa f\u00f6r sj\u00e4lva upph\u00e4ngningen, f\u00f6r de hade jag hemma:<\/li>\n<\/ul>\n<p style=\"padding-left: 60px;\"><img decoding=\"async\" loading=\"lazy\" class=\"alignnone wp-image-85 size-medium\" src=\"https:\/\/xn--vattenvrldar-mcb.se\/wp-content\/uploads\/2018\/04\/2017-09-19-16.30.09-e1523388144333-300x164.jpg\" alt=\"\" width=\"300\" height=\"164\" srcset=\"https:\/\/xn--vattenvrldar-mcb.se\/wp-content\/uploads\/2018\/04\/2017-09-19-16.30.09-e1523388144333-300x164.jpg 300w, https:\/\/xn--vattenvrldar-mcb.se\/wp-content\/uploads\/2018\/04\/2017-09-19-16.30.09-e1523388144333-768x421.jpg 768w, https:\/\/xn--vattenvrldar-mcb.se\/wp-content\/uploads\/2018\/04\/2017-09-19-16.30.09-e1523388144333-1024x561.jpg 1024w\" sizes=\"(max-width: 300px) 100vw, 300px\" \/><\/p>\n<p>I \u00f6vrigt anv\u00e4nde jag:<\/p>\n<ul>\n<li>Superlim<\/li>\n<li>Lite kabelstumpar<\/li>\n<li>L\u00f6dkolv och l\u00f6dtenn<\/li>\n<li>Borrmaskin och borr (jag anv\u00e4nde 8 mm och 1,5 mm)<\/li>\n<li>Popnitar med t\u00e5ng (alternativt anv\u00e4nder du skruv och mutter)<\/li>\n<\/ul>\n<p>(Priserna\u00a0\u00e4r\u00a0fr\u00e5n augusti 2017)<\/p>\n<hr \/>\n<p>B\u00f6rja med att borra ett h\u00e5l i botten av sk\u00e5len f\u00f6r upph\u00e4ngningen, storlek p\u00e5 h\u00e5let beror p\u00e5 skruven du t\u00e4nkt anv\u00e4nda.<\/p>\n<p><img decoding=\"async\" loading=\"lazy\" class=\"alignnone wp-image-86 size-medium\" src=\"https:\/\/xn--vattenvrldar-mcb.se\/wp-content\/uploads\/2018\/04\/3-248x300.jpg\" alt=\"\" width=\"248\" height=\"300\" srcset=\"https:\/\/xn--vattenvrldar-mcb.se\/wp-content\/uploads\/2018\/04\/3-248x300.jpg 248w, https:\/\/xn--vattenvrldar-mcb.se\/wp-content\/uploads\/2018\/04\/3-768x929.jpg 768w, https:\/\/xn--vattenvrldar-mcb.se\/wp-content\/uploads\/2018\/04\/3-846x1024.jpg 846w\" sizes=\"(max-width: 248px) 100vw, 248px\" \/><\/p>\n<p>Kapa till 21 cm av aluminiumvinkeln, det beh\u00f6ver inte bli exakt p\u00e5 mm. (Den h\u00e4r biten r\u00e5kade ha ett h\u00e5l i sig sedan tidigare). S\u00e5ga sen av ca 1,5 cm av den ena sidan av vinkeln och borra ett h\u00e5l som passar dina popnitar (eller skruvar), s\u00e5 att b\u00e5da sidorna ser ut s\u00e5 h\u00e4r:<\/p>\n<p><img decoding=\"async\" loading=\"lazy\" class=\"alignnone wp-image-87 size-thumbnail\" src=\"https:\/\/xn--vattenvrldar-mcb.se\/wp-content\/uploads\/2018\/04\/2017-09-28-15.45.31-150x150.jpg\" alt=\"\" width=\"150\" height=\"150\" srcset=\"https:\/\/xn--vattenvrldar-mcb.se\/wp-content\/uploads\/2018\/04\/2017-09-28-15.45.31-150x150.jpg 150w, https:\/\/xn--vattenvrldar-mcb.se\/wp-content\/uploads\/2018\/04\/2017-09-28-15.45.31-100x100.jpg 100w\" sizes=\"(max-width: 150px) 100vw, 150px\" \/>\u00a0\u00a0\u00a0\u00a0 <img decoding=\"async\" loading=\"lazy\" class=\"alignnone wp-image-88 size-thumbnail\" src=\"https:\/\/xn--vattenvrldar-mcb.se\/wp-content\/uploads\/2018\/04\/4-150x150.jpg\" alt=\"\" width=\"150\" height=\"150\" srcset=\"https:\/\/xn--vattenvrldar-mcb.se\/wp-content\/uploads\/2018\/04\/4-150x150.jpg 150w, https:\/\/xn--vattenvrldar-mcb.se\/wp-content\/uploads\/2018\/04\/4-100x100.jpg 100w\" sizes=\"(max-width: 150px) 100vw, 150px\" \/><\/p>\n<p>B\u00f6j b\u00e5da sidorna. Notera \u00e5t villket h\u00e5ll b\u00f6jningen \u00e4r, samma h\u00e5ll p\u00e5 b\u00e5da sidor. L\u00e4gg vinkeln i mitten av sk\u00e5len och markera h\u00e5len.<\/p>\n<p><img decoding=\"async\" loading=\"lazy\" class=\"alignnone wp-image-98 size-thumbnail\" src=\"https:\/\/xn--vattenvrldar-mcb.se\/wp-content\/uploads\/2018\/04\/5-150x150.jpg\" alt=\"\" width=\"150\" height=\"150\" srcset=\"https:\/\/xn--vattenvrldar-mcb.se\/wp-content\/uploads\/2018\/04\/5-150x150.jpg 150w, https:\/\/xn--vattenvrldar-mcb.se\/wp-content\/uploads\/2018\/04\/5-100x100.jpg 100w\" sizes=\"(max-width: 150px) 100vw, 150px\" \/>\u00a0\u00a0\u00a0\u00a0 <img decoding=\"async\" loading=\"lazy\" class=\"alignnone wp-image-99 size-thumbnail\" src=\"https:\/\/xn--vattenvrldar-mcb.se\/wp-content\/uploads\/2018\/04\/6-150x150.jpg\" alt=\"\" width=\"150\" height=\"150\" srcset=\"https:\/\/xn--vattenvrldar-mcb.se\/wp-content\/uploads\/2018\/04\/6-150x150.jpg 150w, https:\/\/xn--vattenvrldar-mcb.se\/wp-content\/uploads\/2018\/04\/6-100x100.jpg 100w\" sizes=\"(max-width: 150px) 100vw, 150px\" \/><\/p>\n<p><img decoding=\"async\" loading=\"lazy\" class=\"alignnone size-thumbnail wp-image-100\" src=\"https:\/\/xn--vattenvrldar-mcb.se\/wp-content\/uploads\/2018\/04\/7-150x150.jpg\" alt=\"\" width=\"150\" height=\"150\" srcset=\"https:\/\/xn--vattenvrldar-mcb.se\/wp-content\/uploads\/2018\/04\/7-150x150.jpg 150w, https:\/\/xn--vattenvrldar-mcb.se\/wp-content\/uploads\/2018\/04\/7-100x100.jpg 100w\" sizes=\"(max-width: 150px) 100vw, 150px\" \/><\/p>\n<p>Borra h\u00e5len i samma storlek som popniten (skruven) du t\u00e4nkt anv\u00e4nda och s\u00e4tt fast vinkeln i sk\u00e5len. Jag tycker det blir lite snyggare med popnit.<\/p>\n<p><img decoding=\"async\" loading=\"lazy\" class=\"alignnone size-thumbnail wp-image-101\" src=\"https:\/\/xn--vattenvrldar-mcb.se\/wp-content\/uploads\/2018\/04\/9-150x150.jpg\" alt=\"\" width=\"150\" height=\"150\" srcset=\"https:\/\/xn--vattenvrldar-mcb.se\/wp-content\/uploads\/2018\/04\/9-150x150.jpg 150w, https:\/\/xn--vattenvrldar-mcb.se\/wp-content\/uploads\/2018\/04\/9-100x100.jpg 100w\" sizes=\"(max-width: 150px) 100vw, 150px\" \/>\u00a0\u00a0\u00a0\u00a0 <img decoding=\"async\" loading=\"lazy\" class=\"alignnone size-thumbnail wp-image-102\" src=\"https:\/\/xn--vattenvrldar-mcb.se\/wp-content\/uploads\/2018\/04\/10-150x150.jpg\" alt=\"\" width=\"150\" height=\"150\" srcset=\"https:\/\/xn--vattenvrldar-mcb.se\/wp-content\/uploads\/2018\/04\/10-150x150.jpg 150w, https:\/\/xn--vattenvrldar-mcb.se\/wp-content\/uploads\/2018\/04\/10-100x100.jpg 100w\" sizes=\"(max-width: 150px) 100vw, 150px\" \/><\/p>\n<p><img decoding=\"async\" loading=\"lazy\" class=\"alignnone size-thumbnail wp-image-103\" src=\"https:\/\/xn--vattenvrldar-mcb.se\/wp-content\/uploads\/2018\/04\/11-150x150.jpg\" alt=\"\" width=\"150\" height=\"150\" srcset=\"https:\/\/xn--vattenvrldar-mcb.se\/wp-content\/uploads\/2018\/04\/11-150x150.jpg 150w, https:\/\/xn--vattenvrldar-mcb.se\/wp-content\/uploads\/2018\/04\/11-100x100.jpg 100w\" sizes=\"(max-width: 150px) 100vw, 150px\" \/><\/p>\n<p>Sedan borrar du ett h\u00e5l en bit fr\u00e5n centrum f\u00f6r chassikontakten. I mitt fall blir det ett 8 mm stort h\u00e5l.<\/p>\n<p><img decoding=\"async\" loading=\"lazy\" class=\"alignnone size-thumbnail wp-image-104\" src=\"https:\/\/xn--vattenvrldar-mcb.se\/wp-content\/uploads\/2018\/04\/13-150x150.jpg\" alt=\"\" width=\"150\" height=\"150\" srcset=\"https:\/\/xn--vattenvrldar-mcb.se\/wp-content\/uploads\/2018\/04\/13-150x150.jpg 150w, https:\/\/xn--vattenvrldar-mcb.se\/wp-content\/uploads\/2018\/04\/13-100x100.jpg 100w\" sizes=\"(max-width: 150px) 100vw, 150px\" \/>\u00a0\u00a0\u00a0\u00a0 <img decoding=\"async\" loading=\"lazy\" class=\"alignnone size-thumbnail wp-image-105\" src=\"https:\/\/xn--vattenvrldar-mcb.se\/wp-content\/uploads\/2018\/04\/14-150x150.jpg\" alt=\"\" width=\"150\" height=\"150\" srcset=\"https:\/\/xn--vattenvrldar-mcb.se\/wp-content\/uploads\/2018\/04\/14-150x150.jpg 150w, https:\/\/xn--vattenvrldar-mcb.se\/wp-content\/uploads\/2018\/04\/14-100x100.jpg 100w\" sizes=\"(max-width: 150px) 100vw, 150px\" \/><\/p>\n<p>Sen \u00e4r det dags att koppla in l\u00f6dkolven! Led-stripsen \u00e4r lite pilliga att l\u00f6da p\u00e5, men med en ordentligt varm l\u00f6dkolv s\u00e5 g\u00e5r det r\u00e4tt bra. De \u00e4r indelade tre och tre, med kontaktytor d\u00e4remellan. Klipp av tv\u00e5 s\u00e5dana bitar av 8.500 K stripsen och en s\u00e5dan fr\u00e5n 20.000 K stripsen, jag anv\u00e4nder en pl\u00e5tsax till det. D\u00e5 f\u00e5r man en bra blandning av kallvitt (8.500 K) och bl\u00e5vitt (20.000 K) ljus.<\/p>\n<p>B\u00f6rja med att l\u00f6da p\u00e5 kablar p\u00e5 20.000 K biten, den ska sitta i mitten. V\u00e4rm f\u00f6rst p\u00e5 biten och l\u00e4gg dit en klick l\u00f6dtenn s\u00e5 blir det l\u00e4ttare att f\u00e5 fast kabeln sen. Jag anv\u00e4nder en s.k. \u201dHj\u00e4lpande hand\u201d f\u00f6r att h\u00e5lla i det jag l\u00f6der. F\u00f6renklar en hel del.<\/p>\n<p><img decoding=\"async\" loading=\"lazy\" class=\"alignnone wp-image-107 size-medium\" src=\"https:\/\/xn--vattenvrldar-mcb.se\/wp-content\/uploads\/2018\/04\/2017-09-28-16.03.37-300x282.jpg\" alt=\"\" width=\"300\" height=\"282\" srcset=\"https:\/\/xn--vattenvrldar-mcb.se\/wp-content\/uploads\/2018\/04\/2017-09-28-16.03.37-300x282.jpg 300w, https:\/\/xn--vattenvrldar-mcb.se\/wp-content\/uploads\/2018\/04\/2017-09-28-16.03.37-768x723.jpg 768w, https:\/\/xn--vattenvrldar-mcb.se\/wp-content\/uploads\/2018\/04\/2017-09-28-16.03.37-1024x964.jpg 1024w\" sizes=\"(max-width: 300px) 100vw, 300px\" \/>\u00a0\u00a0\u00a0\u00a0\u00a0 <img decoding=\"async\" loading=\"lazy\" class=\"alignnone wp-image-108 size-medium\" src=\"https:\/\/xn--vattenvrldar-mcb.se\/wp-content\/uploads\/2018\/04\/18-300x225.jpg\" alt=\"\" width=\"300\" height=\"225\" srcset=\"https:\/\/xn--vattenvrldar-mcb.se\/wp-content\/uploads\/2018\/04\/18-300x225.jpg 300w, https:\/\/xn--vattenvrldar-mcb.se\/wp-content\/uploads\/2018\/04\/18-768x576.jpg 768w, https:\/\/xn--vattenvrldar-mcb.se\/wp-content\/uploads\/2018\/04\/18-1024x768.jpg 1024w\" sizes=\"(max-width: 300px) 100vw, 300px\" \/><\/p>\n<p>L\u00f6da sedan fast dessa kablar p\u00e5 var sin 8.500 K bit. Var noga med att koppla r\u00e4tt s\u00e5 att \u201d+\u201d-sidorna sitter ihop. Blandar du \u201d+\u201d och \u201d-\u201d s\u00e5 kommer det inte att fungera! L\u00f6d sedan fast lite l\u00e4ngre kablar i ena \u00e4nden av dina tre ihopl\u00f6dda bitar. Dessa kablar l\u00f6ds sedan ihop med chassikontakten:<\/p>\n<p><img decoding=\"async\" loading=\"lazy\" class=\"alignnone wp-image-109 size-medium\" src=\"https:\/\/xn--vattenvrldar-mcb.se\/wp-content\/uploads\/2018\/04\/19-300x227.jpg\" alt=\"\" width=\"300\" height=\"227\" srcset=\"https:\/\/xn--vattenvrldar-mcb.se\/wp-content\/uploads\/2018\/04\/19-300x227.jpg 300w, https:\/\/xn--vattenvrldar-mcb.se\/wp-content\/uploads\/2018\/04\/19-768x582.jpg 768w, https:\/\/xn--vattenvrldar-mcb.se\/wp-content\/uploads\/2018\/04\/19-1024x776.jpg 1024w\" sizes=\"(max-width: 300px) 100vw, 300px\" \/><\/p>\n<p>Har du gjort som mig s\u00e5 ska du ha n\u00e5t som liknar detta sen (chassikontakten \u00e4r till h\u00f6ger, utanf\u00f6r bilden):<\/p>\n<p><img decoding=\"async\" loading=\"lazy\" class=\"alignnone wp-image-110 size-medium\" src=\"https:\/\/xn--vattenvrldar-mcb.se\/wp-content\/uploads\/2018\/04\/20-300x188.jpg\" alt=\"\" width=\"300\" height=\"188\" srcset=\"https:\/\/xn--vattenvrldar-mcb.se\/wp-content\/uploads\/2018\/04\/20-300x188.jpg 300w, https:\/\/xn--vattenvrldar-mcb.se\/wp-content\/uploads\/2018\/04\/20-768x480.jpg 768w, https:\/\/xn--vattenvrldar-mcb.se\/wp-content\/uploads\/2018\/04\/20-1024x641.jpg 1024w\" sizes=\"(max-width: 300px) 100vw, 300px\" \/><\/p>\n<p>Tryck ut en str\u00e4ng superlim p\u00e5 aluminiumprofilen i sk\u00e5len och tryck dit dina tre ihopl\u00f6dda led-bitar och skruva fast chassikontakten (akta s\u00e5 du inte fastnar i limmet, det g\u00f6r ont att dra bort fingrarna sen annars, tro mig!):<\/p>\n<p><img decoding=\"async\" loading=\"lazy\" class=\"alignnone size-medium wp-image-111\" src=\"https:\/\/xn--vattenvrldar-mcb.se\/wp-content\/uploads\/2018\/04\/21-300x225.jpg\" alt=\"\" width=\"300\" height=\"225\" srcset=\"https:\/\/xn--vattenvrldar-mcb.se\/wp-content\/uploads\/2018\/04\/21-300x225.jpg 300w, https:\/\/xn--vattenvrldar-mcb.se\/wp-content\/uploads\/2018\/04\/21-768x576.jpg 768w, https:\/\/xn--vattenvrldar-mcb.se\/wp-content\/uploads\/2018\/04\/21-1024x768.jpg 1024w\" sizes=\"(max-width: 300px) 100vw, 300px\" \/><\/p>\n<p>Utsidan med chassikontakten:<\/p>\n<p><img decoding=\"async\" loading=\"lazy\" class=\"alignnone size-thumbnail wp-image-112\" src=\"https:\/\/xn--vattenvrldar-mcb.se\/wp-content\/uploads\/2018\/04\/16-150x150.jpg\" alt=\"\" width=\"150\" height=\"150\" srcset=\"https:\/\/xn--vattenvrldar-mcb.se\/wp-content\/uploads\/2018\/04\/16-150x150.jpg 150w, https:\/\/xn--vattenvrldar-mcb.se\/wp-content\/uploads\/2018\/04\/16-100x100.jpg 100w\" sizes=\"(max-width: 150px) 100vw, 150px\" \/><\/p>\n<p>Sen tar du din skruv och mutter eller vad du nu har valt att anv\u00e4nda och skruvar fast i det som numera \u00e4r toppen p\u00e5 lampan och h\u00e4ng upp p\u00e5 l\u00e4mplig plats!<\/p>\n<p><img decoding=\"async\" loading=\"lazy\" class=\"alignnone size-thumbnail wp-image-114\" src=\"https:\/\/xn--vattenvrldar-mcb.se\/wp-content\/uploads\/2018\/04\/29-150x150.jpg\" alt=\"\" width=\"150\" height=\"150\" srcset=\"https:\/\/xn--vattenvrldar-mcb.se\/wp-content\/uploads\/2018\/04\/29-150x150.jpg 150w, https:\/\/xn--vattenvrldar-mcb.se\/wp-content\/uploads\/2018\/04\/29-100x100.jpg 100w\" sizes=\"(max-width: 150px) 100vw, 150px\" \/>\u00a0\u00a0\u00a0\u00a0 <img decoding=\"async\" loading=\"lazy\" class=\"alignnone size-thumbnail wp-image-115\" src=\"https:\/\/xn--vattenvrldar-mcb.se\/wp-content\/uploads\/2018\/04\/30-150x150.jpg\" alt=\"\" width=\"150\" height=\"150\" srcset=\"https:\/\/xn--vattenvrldar-mcb.se\/wp-content\/uploads\/2018\/04\/30-150x150.jpg 150w, https:\/\/xn--vattenvrldar-mcb.se\/wp-content\/uploads\/2018\/04\/30-100x100.jpg 100w\" sizes=\"(max-width: 150px) 100vw, 150px\" \/><\/p>\n<p>Det blir ganska bra ljusfl\u00f6de av de 3 x 3, sm\u00e5 dioderna. H\u00e4r h\u00e4nger lampan \u00f6ver mitt 275-liters kar som \u00e4r 50 cm h\u00f6gt:<\/p>\n<p><img decoding=\"async\" loading=\"lazy\" class=\"alignnone size-large wp-image-116\" src=\"https:\/\/xn--vattenvrldar-mcb.se\/wp-content\/uploads\/2018\/04\/32-768x1024.jpg\" alt=\"\" width=\"525\" height=\"700\" srcset=\"https:\/\/xn--vattenvrldar-mcb.se\/wp-content\/uploads\/2018\/04\/32-768x1024.jpg 768w, https:\/\/xn--vattenvrldar-mcb.se\/wp-content\/uploads\/2018\/04\/32-225x300.jpg 225w\" sizes=\"(max-width: 525px) 100vw, 525px\" \/><\/p>\n<p>Jag har 3 \u201dBLANDA-lampor\u201d \u00f6ver\u00a0karet.<\/p>\n<p><img decoding=\"async\" loading=\"lazy\" class=\"alignnone size-large wp-image-117\" src=\"https:\/\/xn--vattenvrldar-mcb.se\/wp-content\/uploads\/2018\/04\/2017-09-28-16.23.51-1024x627.jpg\" alt=\"\" width=\"525\" height=\"321\" srcset=\"https:\/\/xn--vattenvrldar-mcb.se\/wp-content\/uploads\/2018\/04\/2017-09-28-16.23.51-1024x627.jpg 1024w, https:\/\/xn--vattenvrldar-mcb.se\/wp-content\/uploads\/2018\/04\/2017-09-28-16.23.51-300x184.jpg 300w, https:\/\/xn--vattenvrldar-mcb.se\/wp-content\/uploads\/2018\/04\/2017-09-28-16.23.51-768x470.jpg 768w\" sizes=\"(max-width: 525px) 100vw, 525px\" \/><\/p>\n<p><img decoding=\"async\" loading=\"lazy\" class=\"alignnone size-large wp-image-118\" src=\"https:\/\/xn--vattenvrldar-mcb.se\/wp-content\/uploads\/2018\/04\/32b-1024x871.jpg\" alt=\"\" width=\"525\" height=\"447\" srcset=\"https:\/\/xn--vattenvrldar-mcb.se\/wp-content\/uploads\/2018\/04\/32b-1024x871.jpg 1024w, https:\/\/xn--vattenvrldar-mcb.se\/wp-content\/uploads\/2018\/04\/32b-300x255.jpg 300w, https:\/\/xn--vattenvrldar-mcb.se\/wp-content\/uploads\/2018\/04\/32b-768x653.jpg 768w\" sizes=\"(max-width: 525px) 100vw, 525px\" \/><\/p>\n<p>Hur jag har kopplat ihop allt detta s\u00e5 det lyser kan du l\u00e4sa om <a href=\"https:\/\/xn--vattenvrldar-mcb.se\/?page_id=123\">h\u00e4r<\/a>.<\/p>\n","protected":false},"excerpt":{"rendered":"<p>Vill du tillverka egen led-belysning? Enkelt! Steg 1: K\u00f6p ett antal Blanda Blank sk\u00e5lar p\u00e5 IKEA \u00e1 49:- (20 cm diameter) Steg 2: G\u00e5 in p\u00e5 Ebay och leta upp &#8221;led-strips&#8221; och k\u00f6p hem ett g\u00e4ng Kallvita, runt 6500 K &#8211; 8500 K, helst med 8520- eller 5630-chip, d\u00e5 dessa har lite h\u00f6gre lumen. Vill &hellip; <\/p>\n<p class=\"link-more\"><a href=\"https:\/\/xn--vattenvrldar-mcb.se\/?page_id=11\" class=\"more-link\">Forts\u00e4tt l\u00e4sa<span class=\"screen-reader-text\"> \u201dHemmagjord punktbelysning med LED\u201d<\/span><\/a><\/p>\n","protected":false},"author":1,"featured_media":0,"parent":0,"menu_order":0,"comment_status":"closed","ping_status":"closed","template":"","meta":{"footnotes":""},"_links":{"self":[{"href":"https:\/\/xn--vattenvrldar-mcb.se\/index.php?rest_route=\/wp\/v2\/pages\/11"}],"collection":[{"href":"https:\/\/xn--vattenvrldar-mcb.se\/index.php?rest_route=\/wp\/v2\/pages"}],"about":[{"href":"https:\/\/xn--vattenvrldar-mcb.se\/index.php?rest_route=\/wp\/v2\/types\/page"}],"author":[{"embeddable":true,"href":"https:\/\/xn--vattenvrldar-mcb.se\/index.php?rest_route=\/wp\/v2\/users\/1"}],"replies":[{"embeddable":true,"href":"https:\/\/xn--vattenvrldar-mcb.se\/index.php?rest_route=%2Fwp%2Fv2%2Fcomments&post=11"}],"version-history":[{"count":37,"href":"https:\/\/xn--vattenvrldar-mcb.se\/index.php?rest_route=\/wp\/v2\/pages\/11\/revisions"}],"predecessor-version":[{"id":157,"href":"https:\/\/xn--vattenvrldar-mcb.se\/index.php?rest_route=\/wp\/v2\/pages\/11\/revisions\/157"}],"wp:attachment":[{"href":"https:\/\/xn--vattenvrldar-mcb.se\/index.php?rest_route=%2Fwp%2Fv2%2Fmedia&parent=11"}],"curies":[{"name":"wp","href":"https:\/\/api.w.org\/{rel}","templated":true}]}}